{"id":494,"date":"2025-02-21T07:35:52","date_gmt":"2025-02-21T06:35:52","guid":{"rendered":"https:\/\/chemins-de-plouharnel.fr\/?page_id=494"},"modified":"2025-02-21T08:08:36","modified_gmt":"2025-02-21T07:08:36","slug":"album-porh-iliz-kercroc","status":"publish","type":"page","link":"https:\/\/chemins-de-plouharnel.fr\/index.php\/album-porh-iliz-kercroc\/","title":{"rendered":"Album Porh Iliz \u2014 Kercroc"},"content":{"rendered":"\n<p>Nos b\u00e9n\u00e9voles en pleine action pour d\u00e9fricher le chemin de Porh Iliz \u00e0 Kercroc<\/p>\n\n\n\n<div id='gallery-1' class='gallery galleryid-494 gallery-columns-3 gallery-size-thumbnail'><figure class='gallery-item'>\n\t\t\t<div class='gallery-icon landscape'>\n\t\t\t\t<a href='https:\/\/chemins-de-plouharnel.fr\/20210707_100035\/'><img loading=\"lazy\" decoding=\"async\" width=\"150\" height=\"150\" src=\"https:\/\/chemins-de-plouharnel.fr\/wp-content\/uploads\/2025\/02\/20210707_100035-150x150.jpg\" class=\"attachment-thumbnail size-thumbnail\" alt=\"\" \/><\/a>\n\t\t\t<\/div><\/figure><figure class='gallery-item'>\n\t\t\t<div class='gallery-icon portrait'>\n\t\t\t\t<a href='https:\/\/chemins-de-plouharnel.fr\/20210918_104951\/'><img loading=\"lazy\" decoding=\"async\" width=\"150\" height=\"150\" src=\"https:\/\/chemins-de-plouharnel.fr\/wp-content\/uploads\/2025\/02\/20210918_104951-150x150.jpg\" class=\"attachment-thumbnail size-thumbnail\" alt=\"\" \/><\/a>\n\t\t\t<\/div><\/figure><figure class='gallery-item'>\n\t\t\t<div class='gallery-icon landscape'>\n\t\t\t\t<a href='https:\/\/chemins-de-plouharnel.fr\/20220519_100737\/'><img loading=\"lazy\" decoding=\"async\" width=\"150\" height=\"150\" src=\"https:\/\/chemins-de-plouharnel.fr\/wp-content\/uploads\/2025\/02\/20220519_100737-150x150.jpg\" class=\"attachment-thumbnail size-thumbnail\" alt=\"\" \/><\/a>\n\t\t\t<\/div><\/figure><figure class='gallery-item'>\n\t\t\t<div class='gallery-icon landscape'>\n\t\t\t\t<a href='https:\/\/chemins-de-plouharnel.fr\/20220519_100729\/'><img loading=\"lazy\" decoding=\"async\" width=\"150\" height=\"150\" src=\"https:\/\/chemins-de-plouharnel.fr\/wp-content\/uploads\/2025\/02\/20220519_100729-150x150.jpg\" class=\"attachment-thumbnail size-thumbnail\" alt=\"\" \/><\/a>\n\t\t\t<\/div><\/figure><figure class='gallery-item'>\n\t\t\t<div class='gallery-icon landscape'>\n\t\t\t\t<a href='https:\/\/chemins-de-plouharnel.fr\/20211031_112821\/'><img loading=\"lazy\" decoding=\"async\" width=\"150\" height=\"150\" src=\"https:\/\/chemins-de-plouharnel.fr\/wp-content\/uploads\/2025\/02\/20211031_112821-150x150.jpg\" class=\"attachment-thumbnail size-thumbnail\" alt=\"\" \/><\/a>\n\t\t\t<\/div><\/figure><figure class='gallery-item'>\n\t\t\t<div class='gallery-icon portrait'>\n\t\t\t\t<a href='https:\/\/chemins-de-plouharnel.fr\/20211019_102058\/'><img loading=\"lazy\" decoding=\"async\" width=\"150\" height=\"150\" src=\"https:\/\/chemins-de-plouharnel.fr\/wp-content\/uploads\/2025\/02\/20211019_102058-150x150.jpg\" class=\"attachment-thumbnail size-thumbnail\" alt=\"\" \/><\/a>\n\t\t\t<\/div><\/figure><figure class='gallery-item'>\n\t\t\t<div class='gallery-icon portrait'>\n\t\t\t\t<a href='https:\/\/chemins-de-plouharnel.fr\/20211019_093251\/'><img loading=\"lazy\" decoding=\"async\" width=\"150\" height=\"150\" src=\"https:\/\/chemins-de-plouharnel.fr\/wp-content\/uploads\/2025\/02\/20211019_093251-150x150.jpg\" class=\"attachment-thumbnail size-thumbnail\" alt=\"\" \/><\/a>\n\t\t\t<\/div><\/figure><figure class='gallery-item'>\n\t\t\t<div class='gallery-icon portrait'>\n\t\t\t\t<a href='https:\/\/chemins-de-plouharnel.fr\/20210920_093422\/'><img loading=\"lazy\" decoding=\"async\" width=\"150\" height=\"150\" src=\"https:\/\/chemins-de-plouharnel.fr\/wp-content\/uploads\/2025\/02\/20210920_093422-150x150.jpg\" class=\"attachment-thumbnail size-thumbnail\" alt=\"\" \/><\/a>\n\t\t\t<\/div><\/figure><figure class='gallery-item'>\n\t\t\t<div class='gallery-icon portrait'>\n\t\t\t\t<a href='https:\/\/chemins-de-plouharnel.fr\/20210918_105215\/'><img loading=\"lazy\" decoding=\"async\" width=\"150\" height=\"150\" src=\"https:\/\/chemins-de-plouharnel.fr\/wp-content\/uploads\/2025\/02\/20210918_105215-150x150.jpg\" class=\"attachment-thumbnail size-thumbnail\" alt=\"\" \/><\/a>\n\t\t\t<\/div><\/figure><figure class='gallery-item'>\n\t\t\t<div class='gallery-icon landscape'>\n\t\t\t\t<a href='https:\/\/chemins-de-plouharnel.fr\/20220519_102014\/'><img loading=\"lazy\" decoding=\"async\" width=\"150\" height=\"150\" src=\"https:\/\/chemins-de-plouharnel.fr\/wp-content\/uploads\/2025\/02\/20220519_102014-150x150.jpg\" class=\"attachment-thumbnail size-thumbnail\" alt=\"\" \/><\/a>\n\t\t\t<\/div><\/figure><figure class='gallery-item'>\n\t\t\t<div class='gallery-icon landscape'>\n\t\t\t\t<a href='https:\/\/chemins-de-plouharnel.fr\/chemin-kercroc-debrousaillage-17-sept-2\/'><img loading=\"lazy\" decoding=\"async\" width=\"150\" height=\"150\" src=\"https:\/\/chemins-de-plouharnel.fr\/wp-content\/uploads\/2025\/02\/Chemin-Kercroc-Debrousaillage-17-sept-1-1-150x150.jpeg\" class=\"attachment-thumbnail size-thumbnail\" alt=\"\" \/><\/a>\n\t\t\t<\/div><\/figure>\n\t\t<\/div>\n\n\n\n\n<p><\/p>\n","protected":false},"excerpt":{"rendered":"<p>Nos b\u00e9n\u00e9voles en pleine action pour d\u00e9fricher le chemin de Porh Iliz \u00e0 Kercroc<\/p>\n","protected":false},"author":2,"featured_media":0,"parent":0,"menu_order":0,"comment_status":"closed","ping_status":"closed","template":"","meta":{"footnotes":""},"class_list":["post-494","page","type-page","status-publish","hentry"],"_links":{"self":[{"href":"https:\/\/chemins-de-plouharnel.fr\/index.php\/wp-json\/wp\/v2\/pages\/494","targetHints":{"allow":["GET"]}}],"collection":[{"href":"https:\/\/chemins-de-plouharnel.fr\/index.php\/wp-json\/wp\/v2\/pages"}],"about":[{"href":"https:\/\/chemins-de-plouharnel.fr\/index.php\/wp-json\/wp\/v2\/types\/page"}],"author":[{"embeddable":true,"href":"https:\/\/chemins-de-plouharnel.fr\/index.php\/wp-json\/wp\/v2\/users\/2"}],"replies":[{"embeddable":true,"href":"https:\/\/chemins-de-plouharnel.fr\/index.php\/wp-json\/wp\/v2\/comments?post=494"}],"version-history":[{"count":3,"href":"https:\/\/chemins-de-plouharnel.fr\/index.php\/wp-json\/wp\/v2\/pages\/494\/revisions"}],"predecessor-version":[{"id":603,"href":"https:\/\/chemins-de-plouharnel.fr\/index.php\/wp-json\/wp\/v2\/pages\/494\/revisions\/603"}],"wp:attachment":[{"href":"https:\/\/chemins-de-plouharnel.fr\/index.php\/wp-json\/wp\/v2\/media?parent=494"}],"curies":[{"name":"wp","href":"https:\/\/api.w.org\/{rel}","templated":true}]}}